{"id":295,"date":"2024-03-05T00:23:48","date_gmt":"2024-03-04T23:23:48","guid":{"rendered":"https:\/\/agenciapodcast.com\/narrativa\/?page_id=295"},"modified":"2024-11-15T09:37:39","modified_gmt":"2024-11-15T08:37:39","slug":"newsletter","status":"publish","type":"page","link":"https:\/\/agenciapodcast.com\/narrativa\/newsletter\/","title":{"rendered":"Newsletter de narrativa y escritura de ficci\u00f3n"},"content":{"rendered":"\n<p class=\"has-text-align-center\">Ap\u00fantate a la newsletter de narrativa y escritura de ficci\u00f3n para no perderte nada .<\/p>\n\n\n\n<h2 class=\"wp-block-heading has-text-align-center\">S\u00f3lo por apuntarte te regalo mi <\/h2>\n\n\n\n<h2 class=\"wp-block-heading has-text-align-center\">Gu\u00eda para escribir personajes de ficci\u00f3n.<\/h2>\n\n\n\n<!-- Noptin Newsletter Plugin v4.1.3 - https:\/\/wordpress.org\/plugins\/newsletter-optin-box\/ --><div id=\"noptin-form-1__wrapper\" class=\"noptin-optin-main-wrapper noptin-form-id-315 noptin-inpost-main-wrapper\" aria-labelledby=\"noptin-form-1__title\" style=\"--noptin-background-color: #F3DBBA; --noptin-border-color: #FFFFFF; --noptin-button-color: #F36D38; --noptin-button-text-color: #F0ECEC; --noptin-title-color: #191919; --noptin-description-color: #666666; --noptin-prefix-color: #313131; --noptin-note-color: #607D8B;\" ><style>.noptin-form-id-315 .noptin-optin-form-wrapper *{font-size:14px;}<\/style><div style=\"max-width:620px; min-height:280px;border-radius: 0px;border-style: none;border-width: 2px;border-color: #FFFFFF;\" class=\"noptin-optin-form-wrapper no-image\" ><!-- Form ID: 315 --><form id=\"noptin-form-1\" class=\"noptin-optin-form noptin-form-new-line noptin-label-hide noptin-form-1\" method=\"post\" novalidate >\t\t\t\t\t<div class=\"noptin-form-header no-image\">\n\t\t\t\t\t\t\t\t\t\t\t\t<div class=\"noptin-form-header-text\">\n\n\t\t\t\t\t\t\t\n\t\t\t\t\t\t\t\t\t\t\t\t\t\t\t<div style=\"color: #191919;font-size: 20px; font-weight: 700; line-height: 1.5;\" class=\"noptin-form-heading\">\n\t\t\t\t\t\t\t\t\tAp\u00fantate a la newsletter de<br \/> narrativa y escritura de ficci\u00f3n y fantas\u00eda para nuevos escritores<br \/><br>S\u00f3lo por apuntarte te enviar\u00e9 GRATIS mi resumen de 4 p\u00e1ginas para la creaci\u00f3n de fichas de personajes de ficci\u00f3n.\t\t\t\t\t\t\t\t<\/div>\n\t\t\t\t\t\t\t\n\t\t\t\t\t\t\t\t\t\t\t\t\t\t\t<div style=\"color: #666666;font-size: 16px; font-weight: 500; line-height: 1.5;\" class=\"noptin-form-description\">\n\t\t\t\t\t\t\t\t\tLa primera newsletter especializada para nuevos escritores que quieren aprender a escribir mejores historias.\t\t\t\t\t\t\t\t<\/div>\n\t\t\t\t\t\t\t\n\t\t\t\t\t\t<\/div>\n\t\t\t\t\t\t\n\t\t\t\t\t\t\n\t\t\t\t\t<\/div>\n\t\t\t\t<div class=\"noptin-form-footer\"><div class=\"noptin-form-fields\">\t\t\t<div class=\"noptin-form-field-wrapper noptin-form-field-first_name noptin-optin-field-wrapper noptin-optin-field-first_name\" id=\"noptin-form-1__field-first_name--wrapper\" >\n\t\t<div class=\"noptin-field-first_name\">\n\t\t\t<label class=\"noptin-label\" for=\"noptin-form-1__field-first_name\">Nombre<\/label>\n\t\t\t<input name=\"noptin_fields[first_name]\" id=\"noptin-form-1__field-first_name\" type=\"text\" class=\"noptin-text noptin-form-field noptin-form-field__first_name noptin-form-field__has-no-placeholder\" placeholder=\"Nombre\" \/>\n\n\t\t<\/div><\/div>\t\t\t<div class=\"noptin-form-field-wrapper noptin-form-field-email noptin-optin-field-wrapper noptin-optin-field-email\" id=\"noptin-form-1__field-email--wrapper\" >\n\t\t<div class=\"noptin-field-email\">\n\t\t\t<label class=\"noptin-label\" for=\"noptin-form-1__field-email\">Correo<\/label>\n\t\t\t<input name=\"noptin_fields[email]\" id=\"noptin-form-1__field-email\" type=\"email\" class=\"noptin-text noptin-form-field noptin-form-field__email noptin-form-field__has-no-placeholder\" placeholder=\"Correo\" required \/>\n\n\t\t<\/div><\/div>\t\t\t<div class=\"noptin-form-field-wrapper noptin-form-field-consent noptin-optin-field-wrapper noptin-optin-field-consent\" >\n\t\t\n\t\t<label>\n\t\t\t<input\n\t\t\t\tname=\"GDPR_consent\"\n\t\t\t\ttype='checkbox'\n\t\t\t\tvalue='1'\n\t\t\t\tclass='noptin-checkbox-form-field noptin-gdpr-checkbox-wrapper'\n\t\t\t\trequired=\"required\"\n\t\t\t\/><span>Me apunto a la newsletter de creador y acepto la <a href=\"https:\/\/agenciapodcast.com\/narrativa\/politica-privacidad\/\" title=\"Pol\u00edtica de privacidad\" target=\"_blank\">Pol\u00edtica de Privacidad<\/a><\/span>\n\t\t<\/label>\n\t\t<\/div>\t\t\t<div class=\"noptin-form-field-wrapper noptin-form-field-submit noptin-optin-field-wrapper noptin-optin-field-submit\" >\n\t\t\n\t\t\t<input type=\"submit\" id=\"noptin-form-1__submit\" class=\"noptin-form-submit btn button btn-primary button-primary wp-element-button noptin-form-button-block\" name=\"noptin-submit\" value=\"\u00a1Me apunto!\" style=\"background-color: #F36D38;color: #F0ECEC;\"  \/>\n\n\t\t<\/div><\/div>\t\t\t\t\t\t\t<div style=\"color: #607D8B;font-size: 14px; font-weight: 400; line-height: 1;\" class=\"noptin-form-note\">\n\t\t\t\t\tResponsable: Ignacio de Miguel | Finalidad: env\u00edo newsletter por v\u00eda electr\u00f3nica | Destinatario: Ignacio de Miguel | Legitimaci\u00f3n: Consentimiento expreso | Derechos: acceso, rectificaci\u00f3n, supresi\u00f3n | M\u00e1s informaci\u00f3n: leer la <a href=\"https:\/\/agenciapodcast.com\/narrativa\/politica-privacidad\/\" title=\"Pol\u00edtica de privacidad\" target=\"_blank\">Pol\u00edtica de Privacidad<\/a>\t\t\t\t<\/div>\n\t\t\t\t\t\t<div class=\"noptin-form-notice noptin-response\" role=\"alert\"><\/div>\n\t\t\t<\/div>\n\t\t\t<input type=\"hidden\" name=\"noptin_element_id\" value=\"1\" \/><input type=\"hidden\" name=\"source\" value=\"315\" \/><input type=\"hidden\" name=\"form_action\" value=\"subscribe\" \/><input type=\"hidden\" name=\"noptin-config\" value=\"xP_TZtBrUc9CZa_dPLSPIJUVWigiJ4f6rmSsbzYL3ToIKHAaBGJQ0jZ9sJL3Nbwo\" \/><input type=\"hidden\" name=\"noptin_form_id\" value=\"315\" \/><\/form><\/div><!-- \/Form ID: 315 --><\/div><!-- \/ Noptin Newsletter Plugin -->\n","protected":false},"excerpt":{"rendered":"<p>Ap\u00fantate a la newsletter de narrativa y escritura de ficci\u00f3n para no perderte nada . S\u00f3lo por apuntarte te regalo mi Gu\u00eda para escribir personajes de ficci\u00f3n.<\/p>\n","protected":false},"author":1,"featured_media":0,"parent":0,"menu_order":0,"comment_status":"closed","ping_status":"closed","template":"wp-custom-template-plantilla-personalizada","meta":{"footnotes":""},"class_list":["post-295","page","type-page","status-publish","hentry"],"_links":{"self":[{"href":"https:\/\/agenciapodcast.com\/narrativa\/wp-json\/wp\/v2\/pages\/295","targetHints":{"allow":["GET"]}}],"collection":[{"href":"https:\/\/agenciapodcast.com\/narrativa\/wp-json\/wp\/v2\/pages"}],"about":[{"href":"https:\/\/agenciapodcast.com\/narrativa\/wp-json\/wp\/v2\/types\/page"}],"author":[{"embeddable":true,"href":"https:\/\/agenciapodcast.com\/narrativa\/wp-json\/wp\/v2\/users\/1"}],"replies":[{"embeddable":true,"href":"https:\/\/agenciapodcast.com\/narrativa\/wp-json\/wp\/v2\/comments?post=295"}],"version-history":[{"count":3,"href":"https:\/\/agenciapodcast.com\/narrativa\/wp-json\/wp\/v2\/pages\/295\/revisions"}],"predecessor-version":[{"id":493,"href":"https:\/\/agenciapodcast.com\/narrativa\/wp-json\/wp\/v2\/pages\/295\/revisions\/493"}],"wp:attachment":[{"href":"https:\/\/agenciapodcast.com\/narrativa\/wp-json\/wp\/v2\/media?parent=295"}],"curies":[{"name":"wp","href":"https:\/\/api.w.org\/{rel}","templated":true}]}}